{"id":1926,"date":"2016-11-28T13:27:01","date_gmt":"2016-11-28T13:27:01","guid":{"rendered":"https:\/\/www.dieaugustin.at\/?page_id=1926"},"modified":"2024-04-27T10:22:40","modified_gmt":"2024-04-27T08:22:40","slug":"design-studio","status":"publish","type":"page","link":"https:\/\/www.dieaugustin.at\/","title":{"rendered":"Home"},"content":{"rendered":"<div class=\"wpb-content-wrapper\"><p>[vc_row heading_color=&#8220;light&#8220; bg_type=&#8220;color&#8220; padding_top_multiplier=&#8220;6x&#8220; padding_bottom_multiplier=&#8220;5x&#8220; font_color=&#8220;rgba(255,255,255,0.6)&#8220; bg_color=&#8220;#272727&#8243;][vc_column]<h3 class=\"eut-element eut-title eut-align-left eut-animated-item eut-fade-in-left eut-duration-normal eut-h5\" style=\"\" data-delay=\"200\"><span>About Us<\/span><\/h3><h2 class=\"eut-element eut-title eut-align-left eut-animated-item eut-fade-in-left eut-duration-normal eut-h2\" style=\"margin-bottom: 0px;\" data-delay=\"400\"><span>DIE AUGUSTIN<\/span><\/h2>[\/vc_column][vc_column]<div class=\"eut-empty-space eut-height-1x\" style=\"\"><\/div>[\/vc_column][vc_column][vc_column_text css=&#8220;&#8220; text_style=&#8220;leader-text&#8220; animation=&#8220;eut-fade-in-left&#8220; animation_delay=&#8220;800&#8243;]Vor <strong>DIE AUGUSTIN<\/strong> war die Augustin \u00fcber 16 Jahre lang in \u00d6sterreichs besten Werbeagenturen t\u00e4tig.<\/p>\n<p>Ihre Kompetenzen und Erfahrungen sind breit gestreut und reichen von <strong>Telekommunikation<\/strong> \u00fcber <strong>Pharma<\/strong> und <strong>Tourismus<\/strong> bis hin zum<strong> Einzelhandel.<\/strong><\/p>\n<p>Heute konzipiert Doris Augustin als <strong>DIE AUGUSTIN Marken<\/strong> und<strong> Kampagnen<\/strong>, entwirft<strong> Brand und Packaging Designs<\/strong> und setzt <strong>Werbekonzepte f\u00fcr regionale und internationale Kunden<\/strong> um. Das macht sie entweder als One-Woman-Show oder mit ihrem gro\u00dfen und breiten Netzwerk an Partnern aus verschiedensten Disziplinen. Dazu geh\u00f6ren Texter und Programmierer genauso wie Druckereien, Film- und Videoproduktionen oder Marketing- und PR-Berater.<\/p>\n<p><em><strong>SCHWERPUNKTE:<\/strong><\/em> <strong>Logo Design, Corporate Design, Brand Design, Packaging Design, Konzeption, Markenberatung, Werbung f\u00fcr regionale und internationale Klienten \u2013 von Kleinbetrieben bis Gro\u00dfunternehmen.<\/strong><\/p>\n<p>Gerne gearbeitet f\u00fcr \u2026<\/p>\n<p>GastroMonk, Sico Pharma, Weingut M\u00fcller Grossmann, HPIEngineering, Innenarchitekt Raphael Amon, The Fabulous Winery, Hanke Design Einrichtungsagentur,<span class=\"Apple-converted-space\">\u00a0 <\/span>T-Mobile, Garnier, Wien Energie, Hanfmanufaktur, N\u00d6M, AMA, Theaterputzerei, Cafe Jenseits, die M\u00f6we, Renault, Henkel, Skribo, Pfizer, Danone, Wirtschaftskammer Nieder\u00f6sterreich, Biogen, Madaus, Mundipharma, buer, Vamed, Kawasaki, Volksbank, Kronen Zeitung, Wella, UTA, Noyz, Rote Nasen, Edlinger Spargel, Aux Gazelles, Remus, Hervis Sports, Sch\u00e4rdinger, DM, Ford, Graz Tourismus, Land Nieder\u00f6sterreich, Andritz, Cypertron, Wien Tourismus, elekom Austria (Dialog), Peugeot, Lyoness, Siemens, AMA, Skoda, ARGE Heumilch, Sanova, McCain, Ober\u00f6sterreichische Molkerei, Natalia Ushakova, Danube Flats<span class=\"Apple-converted-space\">\u00a0<\/span><\/p>\n<p>Agenturen: Publicis Group Austria, Welldone Werbung&amp;Pr, Aha Puttnerbates, Barci &amp; Partner\/Young &amp; Rubicam, Euro Rscg Vienna, Cayenne Wien<\/p>\n<p>Auszeichnungen: FAB Award, Golden Drum, Golden Award of Montreux Finalist Certificate, Festival de publicit\u00e9 de M\u00e9ribel Shortlist, CCA Venus silber und Auszeichnung, PrintOscar, addictive, Goldener Hahn, Columbus Gold und Bronze und Deutscher Dialogmarketing Preis usw.[\/vc_column_text][\/vc_column][vc_column]<div class=\"eut-empty-space eut-height-3x\" style=\"\"><\/div>[\/vc_column][vc_column]<h3 class=\"eut-element eut-title eut-align-left eut-animated-item eut-fade-in-up eut-duration-normal eut-small-text\" style=\"\" data-delay=\"1000\"><span>Featured projects<\/span><\/h3><div class=\"eut-empty-space\" style=\"height: 10px;\"><\/div>[\/vc_column][\/vc_row][vc_row padding_top_multiplier=&#8220;&#8220; padding_bottom_multiplier=&#8220;&#8220;][vc_column column_custom_position=&#8220;yes&#8220; position_top=&#8220;minus-4x&#8220;]<div class=\"eut-element eut-image eut-animated-item eut-fade-in-up eut-duration-normal eut-align-center\" style=\"\" data-delay=\"600\">  <div class=\"eut-image-wrapper\"><img loading=\"lazy\" decoding=\"async\" width=\"1920\" height=\"1050\" src=\"https:\/\/www.dieaugustin.at\/wp-content\/uploads\/2024\/04\/PORTFOLIO-STARTSEITE-LETZT-1920x1050.jpg\" class=\"attachment-fildisi-eutf-fullscreen size-fildisi-eutf-fullscreen\" alt=\"\" srcset=\"https:\/\/www.dieaugustin.at\/wp-content\/uploads\/2024\/04\/PORTFOLIO-STARTSEITE-LETZT-1920x1050.jpg 1920w, https:\/\/www.dieaugustin.at\/wp-content\/uploads\/2024\/04\/PORTFOLIO-STARTSEITE-LETZT-300x164.jpg 300w, https:\/\/www.dieaugustin.at\/wp-content\/uploads\/2024\/04\/PORTFOLIO-STARTSEITE-LETZT-1024x560.jpg 1024w, https:\/\/www.dieaugustin.at\/wp-content\/uploads\/2024\/04\/PORTFOLIO-STARTSEITE-LETZT-768x420.jpg 768w, https:\/\/www.dieaugustin.at\/wp-content\/uploads\/2024\/04\/PORTFOLIO-STARTSEITE-LETZT-1536x840.jpg 1536w, https:\/\/www.dieaugustin.at\/wp-content\/uploads\/2024\/04\/PORTFOLIO-STARTSEITE-LETZT-600x328.jpg 600w\" sizes=\"auto, (max-width: 1920px) 100vw, 1920px\" \/>   <\/div><\/div><div class=\"eut-empty-space\" style=\"height: 30px;\"><\/div>[vc_row_inner][vc_column_inner width=&#8220;1\/2&#8243;]<div class=\"eut-element eut-image eut-animated-item eut-fade-in-left eut-duration-normal eut-align-center\" style=\"\" data-delay=\"800\">  <div class=\"eut-image-wrapper\"><img loading=\"lazy\" decoding=\"async\" width=\"913\" height=\"1024\" src=\"https:\/\/www.dieaugustin.at\/wp-content\/uploads\/2024\/04\/PORTFOLIO-STARTSEITE-LETZT2-913x1024.jpg\" class=\"attachment-large size-large\" alt=\"\" srcset=\"https:\/\/www.dieaugustin.at\/wp-content\/uploads\/2024\/04\/PORTFOLIO-STARTSEITE-LETZT2-913x1024.jpg 913w, https:\/\/www.dieaugustin.at\/wp-content\/uploads\/2024\/04\/PORTFOLIO-STARTSEITE-LETZT2-267x300.jpg 267w, https:\/\/www.dieaugustin.at\/wp-content\/uploads\/2024\/04\/PORTFOLIO-STARTSEITE-LETZT2-768x862.jpg 768w, https:\/\/www.dieaugustin.at\/wp-content\/uploads\/2024\/04\/PORTFOLIO-STARTSEITE-LETZT2-600x673.jpg 600w, https:\/\/www.dieaugustin.at\/wp-content\/uploads\/2024\/04\/PORTFOLIO-STARTSEITE-LETZT2.jpg 1188w\" sizes=\"auto, (max-width: 913px) 100vw, 913px\" \/>   <\/div><\/div>[\/vc_column_inner][vc_column_inner width=&#8220;1\/2&#8243;]<div class=\"eut-element eut-image eut-animated-item eut-fade-in-right eut-duration-normal eut-align-center\" style=\"\" data-delay=\"800\">  <div class=\"eut-image-wrapper\"><img loading=\"lazy\" decoding=\"async\" width=\"913\" height=\"1024\" src=\"https:\/\/www.dieaugustin.at\/wp-content\/uploads\/2024\/04\/PORTFOLIO-STARTSEITE-LETZT3-913x1024.jpg\" class=\"attachment-large size-large\" alt=\"\" srcset=\"https:\/\/www.dieaugustin.at\/wp-content\/uploads\/2024\/04\/PORTFOLIO-STARTSEITE-LETZT3-913x1024.jpg 913w, https:\/\/www.dieaugustin.at\/wp-content\/uploads\/2024\/04\/PORTFOLIO-STARTSEITE-LETZT3-267x300.jpg 267w, https:\/\/www.dieaugustin.at\/wp-content\/uploads\/2024\/04\/PORTFOLIO-STARTSEITE-LETZT3-768x862.jpg 768w, https:\/\/www.dieaugustin.at\/wp-content\/uploads\/2024\/04\/PORTFOLIO-STARTSEITE-LETZT3-600x673.jpg 600w, https:\/\/www.dieaugustin.at\/wp-content\/uploads\/2024\/04\/PORTFOLIO-STARTSEITE-LETZT3.jpg 1188w\" sizes=\"auto, (max-width: 913px) 100vw, 913px\" \/>   <\/div><\/div>[\/vc_column_inner][\/vc_row_inner]<div class=\"eut-empty-space eut-height-4x\" style=\"\"><\/div><div class=\"eut-element eut-align-center eut-animated-item eut-zoom-in eut-duration-normal\" data-delay=\"600\"><a href=\"https:\/\/www.dieaugustin.at\/?page_id=490\" title=\"Vertical Gallery\" class=\"eut-btn eut-btn-medium eut-square eut-bg-black eut-bg-hover-black eut-btn-line\"><span>See all projects<\/span><\/a><\/div>[\/vc_column][\/vc_row][vc_row padding_top_multiplier=&#8220;&#8220; padding_bottom_multiplier=&#8220;&#8220;][vc_column]<div class=\"eut-element eut-divider\" style=\"\"><div class=\"eut-line-divider eut-border\"><\/div><\/div>[\/vc_column][\/vc_row][vc_row][vc_column][vc_column_text css=&#8220;&#8220;]<\/p>\n<h5 style=\"text-align: center;\">DORIS AUGUSTIN: <a href=\"ma&#105;&#108;&#116;&#111;&#x3a;&#x6f;&#x66;&#x66;&#x69;ce&#64;&#100;&#105;&#101;&#x61;&#x75;&#x67;&#x75;&#x73;ti&#110;&#46;&#97;&#116;\">&#x6f;f&#x66;&#105;&#x63;&#101;&#64;&#x64;&#105;&#x65;&#97;u&#x67;&#117;&#x73;&#116;i&#x6e;&#46;&#x61;&#116;<\/a> \u00a0 +43 664 51 88 664<\/h5>\n<p>[\/vc_column_text][\/vc_column][\/vc_row]<\/p>\n<\/div>","protected":false},"excerpt":{"rendered":"<p>It is a paradisematic country, in which roasted parts of sentences fly into your mouth. Even the all-powerful Pointing has no control about the blind texts it is an almost unorthographic life One day however a small line of blind text by the name of Lorem Ipsum decided to leave for the far World of Grammar.<\/p>\n","protected":false},"author":1,"featured_media":2724,"parent":490,"menu_order":0,"comment_status":"closed","ping_status":"closed","template":"","meta":{"footnotes":""},"class_list":["post-1926","page","type-page","status-publish","has-post-thumbnail","hentry"],"_links":{"self":[{"href":"https:\/\/www.dieaugustin.at\/index.php?rest_route=\/wp\/v2\/pages\/1926","targetHints":{"allow":["GET"]}}],"collection":[{"href":"https:\/\/www.dieaugustin.at\/index.php?rest_route=\/wp\/v2\/pages"}],"about":[{"href":"https:\/\/www.dieaugustin.at\/index.php?rest_route=\/wp\/v2\/types\/page"}],"author":[{"embeddable":true,"href":"https:\/\/www.dieaugustin.at\/index.php?rest_route=\/wp\/v2\/users\/1"}],"replies":[{"embeddable":true,"href":"https:\/\/www.dieaugustin.at\/index.php?rest_route=%2Fwp%2Fv2%2Fcomments&post=1926"}],"version-history":[{"count":20,"href":"https:\/\/www.dieaugustin.at\/index.php?rest_route=\/wp\/v2\/pages\/1926\/revisions"}],"predecessor-version":[{"id":3468,"href":"https:\/\/www.dieaugustin.at\/index.php?rest_route=\/wp\/v2\/pages\/1926\/revisions\/3468"}],"up":[{"embeddable":true,"href":"https:\/\/www.dieaugustin.at\/index.php?rest_route=\/wp\/v2\/pages\/490"}],"wp:featuredmedia":[{"embeddable":true,"href":"https:\/\/www.dieaugustin.at\/index.php?rest_route=\/wp\/v2\/media\/2724"}],"wp:attachment":[{"href":"https:\/\/www.dieaugustin.at\/index.php?rest_route=%2Fwp%2Fv2%2Fmedia&parent=1926"}],"curies":[{"name":"wp","href":"https:\/\/api.w.org\/{rel}","templated":true}]}}