{"id":3,"date":"2024-04-26T13:36:00","date_gmt":"2024-04-26T11:36:00","guid":{"rendered":"https:\/\/www.dieaugustin.at\/?page_id=3"},"modified":"2024-04-26T17:40:29","modified_gmt":"2024-04-26T15:40:29","slug":"datenschutzerklaerung","status":"publish","type":"page","link":"https:\/\/www.dieaugustin.at\/?page_id=3","title":{"rendered":"Datenschutzerkl\u00e4rung"},"content":{"rendered":"<div class=\"wpb-content-wrapper\"><p>[vc_row][vc_column][vc_column_text css=&#8220;&#8220;]<\/p>\n<h1>Die Augustin<\/h1>\n<h2>Datenschutz Erkl\u00e4rung zur Informationspflicht<\/h2>\n<h5>(Datenschutzerkl\u00e4rung)<\/h5>\n<p><span class=\"Apple-converted-space\">\u00a0<\/span>Der Schutz Ihrer pers\u00f6nlichen Daten ist uns ein besonderes Anliegen. Wir verarbeiten Ihre Daten daher ausschlie\u00dflich auf Grundlage der gesetzlichen Bestimmungen (DSGVO, TKG 2003). In diesen Datenschutzinformationen informieren wir Sie \u00fcber die wichtigsten Aspekte der Datenverarbeitung im Rahmen unserer Website.<\/p>\n<h5>Kontakt mit uns<\/h5>\n<p>Wenn Sie per E-Mail Kontakt mit uns aufnehmen, werden Ihre angegebenen Daten zwecks Bearbeitung der Anfrage und f\u00fcr den Fall von Anschlussfragen bei uns gespeichert. Diese Daten geben wir nicht ohne Ihre Einwilligung weiter.<\/p>\n<h5>Kunden-Datenspeicherung<\/h5>\n<p>Wir weisen darauf hin, dass wir zur Vertragsabwicklung sowie f\u00fcr weitere Gesch\u00e4ftsf\u00e4lle von jedem Kunden Name, Anschrift und Bankverbindung sowie Name, Telefonnummer und Emailadresse einer Ansprechperson speichern. Ohne diese Daten k\u00f6nnen wir keinen Vertrag mit Ihnen abschlie\u00dfen.<\/p>\n<p>Eine Daten\u00fcbermittlung an Dritte erfolgt nicht, mit Ausnahme der \u00dcbermittlung der von Ihnen bereitgestellten Daten an abwickelnde Bankinstitute, Post oder Paketdienste sowie an unseren Steuerberater zum Zwecke eventueller Geldtransfers, zur Zustellung von Dokumenten sowie zur Erf\u00fcllung unserer steuerrechtlichen Verpflichtungen.<\/p>\n<p>S\u00e4mtliche Daten aus Vertragsverh\u00e4ltnissen werden im Rahmen der steuerrechtlichen Aufbewahrungsfristen sowie Haftungfristen gespeichert. Die Datenverarbeitung erfolgt auf Basis der gesetzlichen Bestimmungen des \u00a7 96 Abs 3 TKG sowie des Art 6 Abs 1 lit a (Einwilligung) und\/oder lit b (notwendig zur Vertragserf\u00fcllung) der DSGVO.<\/p>\n<h5>Cookies<\/h5>\n<p>Unsere Website verwendet so genannte Cookies. Dabei handelt es sich um kleine Textdateien, die mit Hilfe des Browsers auf Ihrem Endger\u00e4t abgelegt werden. Sie richten keinen Schaden an.<\/p>\n<p>Wir nutzen Cookies dazu, unsere Homepage nutzerfreundlich zu gestalten. Einige Cookies bleiben auf Ihrem Endger\u00e4t gespeichert, diese k\u00f6nnen Sie jederzeit selbst l\u00f6schen. Sie erm\u00f6glichen es uns, Ihren Browser beim n\u00e4chsten Besuch wiederzuerkennen.<\/p>\n<p>Bei der Deaktivierung von Cookies kann die Funktionalit\u00e4t unserer Website eingeschr\u00e4nkt sein.<\/p>\n<h5>Web-Analyse<\/h5>\n<p>Um unsere Website f\u00fcr userfreundlich gestalten zu k\u00f6nnen nutzen wir einige Grundfunktionen des Webanalysedienstes Google Analytics (Google LLC, 1600 Amphitheatre Parkway, Mountain View, CA 94043USA). Dazu werden Cookies verwendet, die eine Analyse der Benutzung der Website durch Ihre Benutzer erm\u00f6glicht. Die dadurch erzeugten Informationen werden auf den Server des Anbieters \u00fcbertragen und dort gespeichert.<\/p>\n<p>Soweit wir Ihrer IP-Adresse erfassen, wird diese pseudonymisiert. Dadurch ist nur mehr eine grobe Lokalisierung m\u00f6glich.<\/p>\n<h5>Google Analytics:<\/h5>\n<p>Die Beziehung zum Webanalyseanbieter basiert auf Standardvertragsklauseln\/einem Angemessenheitsbeschluss der Europ\u00e4ischen Komission und der USA: \u201ePrivacy Shield\u201c. Die Datenverarbeitung erfolgt auf Basis der gesetzlichen Bestimmungen des \u00a7 96 Abs 3 TKG sowie des Art 6 Abs 1 lit a (Einwilligung) und\/oder f (berechtigtes Interesse) der DSGVO.<\/p>\n<p>Unser Anliegen im Sinne der DSGVO ist die Verbesserung unseres Angebotes und unseres Webauftritts. Da uns die Privatsph\u00e4re unserer Nutzer wichtig ist, werden die Nutzerdaten pseudonymisiert und dabei nur unspezifische Nutzerdaten erhoben.<\/p>\n<h5>Ihre Rechte<\/h5>\n<p>Ihnen stehen grunds\u00e4tzlich die Rechte auf Auskunft, Berichtigung, L\u00f6schung, Einschr\u00e4nkung, Daten\u00fcbertragbarkeit, Widerruf und Widerspruch zu. Wenn Sie glauben, dass die Verarbeitung Ihrer Daten gegen das Datenschutzrecht verst\u00f6\u00dft oder Ihre datenschutzrechtlichen Anspr\u00fcche in sonstiger Weise verletzt worden sind, melden Sie sich bitte jederzeit bei uns.<\/p>\n<p>Die zust\u00e4ndige Aufsichtsbeh\u00f6rde in \u00d6sterreich ist die Datenschutzbeh\u00f6rde.<\/p>\n<h5>Sie erreichen uns unter folgenden Kontaktdaten:<\/h5>\n<p><em>DORIS AUGUSTIN<\/em><br \/><em>SCHLOSSGASSE 5\/14<\/em><br \/><em>1050 WIEN<\/em><br \/><em>&#x6f;&#x66;&#x66;&#105;&#99;&#101;&#64;d&#x69;&#x65;&#x61;&#x75;&#103;&#117;st&#x69;&#x6e;&#x2e;&#x61;&#116;<\/em><br \/><em>UID-NUMMER ATU72515405<\/em><\/p>\n<p><span class=\"Apple-converted-space\">\u00a0<\/span>Stand: Mai 2018<\/p>\n<p>Doris Augustin<br \/>+43 664 51 88 664<br \/>&#x6f;&#x66;&#x66;&#x69;&#99;&#101;&#64;di&#x65;&#x61;&#x75;&#x67;&#x75;&#115;&#116;&#105;n&#46;&#x61;&#x74;<br \/>Impressum &amp; AGB Datenschutz<\/p>\n\n<h2 class=\"wp-block-heading\">\u00a0<\/h2>\n<p>[\/vc_column_text][\/vc_column][\/vc_row]<\/p>\n<\/div>","protected":false},"excerpt":{"rendered":"<p>[vc_row][vc_column][vc_column_text css=&#8220;&#8220;] Die Augustin Datenschutz Erkl\u00e4rung zur Informationspflicht (Datenschutzerkl\u00e4rung) \u00a0Der Schutz Ihrer pers\u00f6nlichen Daten ist uns ein besonderes Anliegen. Wir verarbeiten Ihre Daten daher ausschlie\u00dflich auf Grundlage der gesetzlichen Bestimmungen (DSGVO, TKG 2003). In diesen Datenschutzinformationen informieren wir Sie \u00fcber die wichtigsten Aspekte der Datenverarbeitung im Rahmen unserer Website. Kontakt mit uns Wenn Sie per [&hellip;]<\/p>\n","protected":false},"author":1,"featured_media":0,"parent":0,"menu_order":0,"comment_status":"closed","ping_status":"closed","template":"","meta":{"footnotes":""},"class_list":["post-3","page","type-page","status-publish","hentry"],"_links":{"self":[{"href":"https:\/\/www.dieaugustin.at\/index.php?rest_route=\/wp\/v2\/pages\/3","targetHints":{"allow":["GET"]}}],"collection":[{"href":"https:\/\/www.dieaugustin.at\/index.php?rest_route=\/wp\/v2\/pages"}],"about":[{"href":"https:\/\/www.dieaugustin.at\/index.php?rest_route=\/wp\/v2\/types\/page"}],"author":[{"embeddable":true,"href":"https:\/\/www.dieaugustin.at\/index.php?rest_route=\/wp\/v2\/users\/1"}],"replies":[{"embeddable":true,"href":"https:\/\/www.dieaugustin.at\/index.php?rest_route=%2Fwp%2Fv2%2Fcomments&post=3"}],"version-history":[{"count":11,"href":"https:\/\/www.dieaugustin.at\/index.php?rest_route=\/wp\/v2\/pages\/3\/revisions"}],"predecessor-version":[{"id":3536,"href":"https:\/\/www.dieaugustin.at\/index.php?rest_route=\/wp\/v2\/pages\/3\/revisions\/3536"}],"wp:attachment":[{"href":"https:\/\/www.dieaugustin.at\/index.php?rest_route=%2Fwp%2Fv2%2Fmedia&parent=3"}],"curies":[{"name":"wp","href":"https:\/\/api.w.org\/{rel}","templated":true}]}}